{"id":339,"date":"2020-08-27T20:21:40","date_gmt":"2020-08-27T20:21:40","guid":{"rendered":"https:\/\/new.skydiveljubljana.com\/?page_id=339"},"modified":"2021-04-11T20:47:35","modified_gmt":"2021-04-11T20:47:35","slug":"faq","status":"publish","type":"page","link":"https:\/\/skydiveljubljana.com\/sl\/faq\/","title":{"rendered":"Vpra\u0161anja"},"content":{"rendered":"<div data-elementor-type=\"wp-page\" data-elementor-id=\"339\" class=\"elementor elementor-339\" data-elementor-settings=\"[]\">\n\t\t\t<div class=\"elementor-inner\">\n\t\t\t\t<div class=\"elementor-section-wrap\">\n\t\t\t\t\t\t\t<section class=\"elementor-element elementor-element-79affc5 elementor-section-boxed elementor-section-height-default elementor-section-height-default elementor-section elementor-top-section\" data-id=\"79affc5\" data-element_type=\"section\">\n\t\t\t\t\t\t<div class=\"elementor-container elementor-column-gap-default\">\n\t\t\t\t<div class=\"elementor-row\">\n\t\t\t\t<div class=\"elementor-element elementor-element-9934490 elementor-column elementor-col-100 elementor-top-column\" data-id=\"9934490\" data-element_type=\"column\">\n\t\t\t<div class=\"elementor-column-wrap  elementor-element-populated\">\n\t\t\t\t\t<div class=\"elementor-widget-wrap\">\n\t\t\t\t<div class=\"elementor-element elementor-element-83830ac elementor-widget elementor-widget-template\" data-id=\"83830ac\" data-element_type=\"widget\" data-widget_type=\"template.default\">\n\t\t\t\t<div class=\"elementor-widget-container\">\n\t\t\t\t\t<div class=\"elementor-template\">\n\t\t\t\t\t<div data-elementor-type=\"section\" data-elementor-id=\"342\" class=\"elementor elementor-342\" data-elementor-settings=\"[]\">\n\t\t<div class=\"elementor-inner\">\n\t\t\t<div class=\"elementor-section-wrap\">\n\t\t\t\t\t\t<section class=\"elementor-element elementor-element-f07dfb4 elementor-section-stretched elementor-section-full_width elementor-section-height-default elementor-section-height-default elementor-section elementor-top-section\" data-id=\"f07dfb4\" data-element_type=\"section\" data-settings=\"{&quot;stretch_section&quot;:&quot;section-stretched&quot;}\">\n\t\t\t\t\t\t<div class=\"elementor-container elementor-column-gap-default\">\n\t\t\t\t<div class=\"elementor-row\">\n\t\t\t\t<div class=\"elementor-element elementor-element-3b83040 elementor-column elementor-col-100 elementor-top-column\" data-id=\"3b83040\" data-element_type=\"column\">\n\t\t\t<div class=\"elementor-column-wrap  elementor-element-populated\">\n\t\t\t\t\t<div class=\"elementor-widget-wrap\">\n\t\t\t\t<div class=\"elementor-element elementor-element-50babd3 elementor-widget elementor-widget-template\" data-id=\"50babd3\" data-element_type=\"widget\" data-widget_type=\"template.default\">\n\t\t\t\t<div class=\"elementor-widget-container\">\n\t\t\t\t\t<div class=\"elementor-template\">\n\t\t\t\t\t<div data-elementor-type=\"section\" data-elementor-id=\"615\" class=\"elementor elementor-615\" data-elementor-settings=\"[]\">\n\t\t<div class=\"elementor-inner\">\n\t\t\t<div class=\"elementor-section-wrap\">\n\t\t\t\t\t\t<section class=\"elementor-element elementor-element-734a6e1a elementor-section-height-min-height elementor-section-full_width elementor-section-height-default elementor-section-items-middle elementor-section elementor-top-section\" data-id=\"734a6e1a\" data-element_type=\"section\" data-settings=\"{&quot;background_background&quot;:&quot;classic&quot;,&quot;shape_divider_bottom&quot;:&quot;tilt&quot;,&quot;background_motion_fx_motion_fx_scrolling&quot;:&quot;yes&quot;,&quot;background_motion_fx_scale_effect&quot;:&quot;yes&quot;,&quot;background_motion_fx_scale_direction&quot;:&quot;in-out&quot;,&quot;background_motion_fx_scale_speed&quot;:{&quot;unit&quot;:&quot;px&quot;,&quot;size&quot;:&quot;2&quot;,&quot;sizes&quot;:[]},&quot;background_motion_fx_scale_range&quot;:{&quot;unit&quot;:&quot;%&quot;,&quot;size&quot;:&quot;&quot;,&quot;sizes&quot;:{&quot;start&quot;:&quot;0&quot;,&quot;end&quot;:&quot;80&quot;}},&quot;background_motion_fx_devices&quot;:[&quot;desktop&quot;,&quot;tablet&quot;,&quot;mobile&quot;]}\">\n\t\t\t\t\t\t\t<div class=\"elementor-background-overlay\"><\/div>\n\t\t\t\t\t\t<div class=\"elementor-shape elementor-shape-bottom\" data-negative=\"false\">\n\t\t\t<svg xmlns=\"http:\/\/www.w3.org\/2000\/svg\" viewbox=\"0 0 1000 100\" preserveaspectratio=\"none\">\n\t<path class=\"elementor-shape-fill\" d=\"M0,6V0h1000v100L0,6z\"\/>\n<\/svg>\t\t<\/div>\n\t\t\t\t\t<div class=\"elementor-container elementor-column-gap-default\">\n\t\t\t\t<div class=\"elementor-row\">\n\t\t\t\t<div class=\"elementor-element elementor-element-39e7bd3b elementor-column elementor-col-100 elementor-top-column\" data-id=\"39e7bd3b\" data-element_type=\"column\" data-settings=\"{&quot;background_background&quot;:&quot;classic&quot;}\">\n\t\t\t<div class=\"elementor-column-wrap  elementor-element-populated\">\n\t\t\t\t\t<div class=\"elementor-widget-wrap\">\n\t\t\t\t<div class=\"elementor-element elementor-element-5e6bbf6d elementor-widget elementor-widget-heading\" data-id=\"5e6bbf6d\" data-element_type=\"widget\" data-widget_type=\"heading.default\">\n\t\t\t\t<div class=\"elementor-widget-container\">\n\t\t\t<h1 class=\"elementor-heading-title elementor-size-default\">POGOSTO ZASTAVLJENA VPRA\u0160ANJA<\/h1>\t\t<\/div>\n\t\t\t\t<\/div>\n\t\t\t\t\t\t<\/div>\n\t\t\t<\/div>\n\t\t<\/div>\n\t\t\t\t\t\t<\/div>\n\t\t\t<\/div>\n\t\t<\/section>\n\t\t\t\t<section class=\"elementor-element elementor-element-192c54f3 elementor-section-full_width elementor-section-height-default elementor-section-height-default elementor-section elementor-top-section\" data-id=\"192c54f3\" data-element_type=\"section\" data-settings=\"{&quot;background_background&quot;:&quot;classic&quot;,&quot;shape_divider_bottom&quot;:&quot;tilt&quot;}\">\n\t\t\t\t\t<div class=\"elementor-shape elementor-shape-bottom\" data-negative=\"false\">\n\t\t\t<svg xmlns=\"http:\/\/www.w3.org\/2000\/svg\" viewbox=\"0 0 1000 100\" preserveaspectratio=\"none\">\n\t<path class=\"elementor-shape-fill\" d=\"M0,6V0h1000v100L0,6z\"\/>\n<\/svg>\t\t<\/div>\n\t\t\t\t\t<div class=\"elementor-container elementor-column-gap-default\">\n\t\t\t\t<div class=\"elementor-row\">\n\t\t\t\t<div class=\"elementor-element elementor-element-7806ff3 elementor-column elementor-col-100 elementor-top-column\" data-id=\"7806ff3\" data-element_type=\"column\">\n\t\t\t<div class=\"elementor-column-wrap  elementor-element-populated\">\n\t\t\t\t\t<div class=\"elementor-widget-wrap\">\n\t\t\t\t<div class=\"elementor-element elementor-element-fcaff32 elementor-widget elementor-widget-image\" data-id=\"fcaff32\" data-element_type=\"widget\" data-widget_type=\"image.default\">\n\t\t\t\t<div class=\"elementor-widget-container\">\n\t\t\t\t\t<div class=\"elementor-image\">\n\t\t\t\t\t\t\t\t\t\t<img width=\"768\" height=\"447\" src=\"https:\/\/skydiveljubljana.com\/wp-content\/uploads\/2020\/08\/Momax-Maribor-74-scaled-e1610564487830-768x447.jpg\" class=\"attachment-medium_large size-medium_large\" alt=\"\" loading=\"lazy\" srcset=\"https:\/\/skydiveljubljana.com\/wp-content\/uploads\/2020\/08\/Momax-Maribor-74-scaled-e1610564487830-768x447.jpg 768w, https:\/\/skydiveljubljana.com\/wp-content\/uploads\/2020\/08\/Momax-Maribor-74-scaled-e1610564487830-300x175.jpg 300w, https:\/\/skydiveljubljana.com\/wp-content\/uploads\/2020\/08\/Momax-Maribor-74-scaled-e1610564487830-1024x596.jpg 1024w, https:\/\/skydiveljubljana.com\/wp-content\/uploads\/2020\/08\/Momax-Maribor-74-scaled-e1610564487830-1536x895.jpg 1536w, https:\/\/skydiveljubljana.com\/wp-content\/uploads\/2020\/08\/Momax-Maribor-74-scaled-e1610564487830-2048x1193.jpg 2048w\" sizes=\"(max-width: 768px) 100vw, 768px\" \/>\t\t\t\t\t\t\t\t\t\t\t<\/div>\n\t\t\t\t<\/div>\n\t\t\t\t<\/div>\n\t\t\t\t\t\t<\/div>\n\t\t\t<\/div>\n\t\t<\/div>\n\t\t\t\t\t\t<\/div>\n\t\t\t<\/div>\n\t\t<\/section>\n\t\t\t\t\t<\/div>\n\t\t<\/div>\n\t\t<\/div>\n\t\t\t\t<\/div>\n\t\t\t\t<\/div>\n\t\t\t\t<\/div>\n\t\t\t\t\t\t<\/div>\n\t\t\t<\/div>\n\t\t<\/div>\n\t\t\t\t\t\t<\/div>\n\t\t\t<\/div>\n\t\t<\/section>\n\t\t\t\t<section class=\"elementor-element elementor-element-81636d3 elementor-section-boxed elementor-section-height-default elementor-section-height-default elementor-section elementor-top-section\" data-id=\"81636d3\" data-element_type=\"section\">\n\t\t\t\t\t\t<div class=\"elementor-container elementor-column-gap-default\">\n\t\t\t\t<div class=\"elementor-row\">\n\t\t\t\t<div class=\"elementor-element elementor-element-65da5b8 elementor-column elementor-col-100 elementor-top-column\" data-id=\"65da5b8\" data-element_type=\"column\">\n\t\t\t<div class=\"elementor-column-wrap  elementor-element-populated\">\n\t\t\t\t\t<div class=\"elementor-widget-wrap\">\n\t\t\t\t<section class=\"elementor-element elementor-element-5194b2e9 elementor-section-content-top elementor-section-boxed elementor-section-height-default elementor-section-height-default elementor-section elementor-inner-section\" data-id=\"5194b2e9\" data-element_type=\"section\">\n\t\t\t\t\t\t<div class=\"elementor-container elementor-column-gap-no\">\n\t\t\t\t<div class=\"elementor-row\">\n\t\t\t\t<div class=\"elementor-element elementor-element-4a55fbb elementor-column elementor-col-50 elementor-inner-column\" data-id=\"4a55fbb\" data-element_type=\"column\">\n\t\t\t<div class=\"elementor-column-wrap  elementor-element-populated\">\n\t\t\t\t\t<div class=\"elementor-widget-wrap\">\n\t\t\t\t<div class=\"elementor-element elementor-element-24795107 elementor-widget elementor-widget-heading\" data-id=\"24795107\" data-element_type=\"widget\" data-widget_type=\"heading.default\">\n\t\t\t\t<div class=\"elementor-widget-container\">\n\t\t\t<h4 class=\"elementor-heading-title elementor-size-default\">Ali lahko diham v prostem padu?<\/h4>\t\t<\/div>\n\t\t\t\t<\/div>\n\t\t\t\t<div class=\"elementor-element elementor-element-6711d4cb elementor-widget elementor-widget-text-editor\" data-id=\"6711d4cb\" data-element_type=\"widget\" data-widget_type=\"text-editor.default\">\n\t\t\t\t<div class=\"elementor-widget-container\">\n\t\t\t\t\t<div class=\"elementor-text-editor elementor-clearfix\"><h5 style=\"text-align: center;\"><strong>Nekaj je zagotovo - v zraku je ogromna koli\u010dina zraka, ki ga lahko dihate popolnoma normalno :).<\/strong><\/h5><\/div>\n\t\t\t\t<\/div>\n\t\t\t\t<\/div>\n\t\t\t\t\t\t<\/div>\n\t\t\t<\/div>\n\t\t<\/div>\n\t\t\t\t<div class=\"elementor-element elementor-element-53e92e5d elementor-column elementor-col-50 elementor-inner-column\" data-id=\"53e92e5d\" data-element_type=\"column\">\n\t\t\t<div class=\"elementor-column-wrap  elementor-element-populated\">\n\t\t\t\t\t<div class=\"elementor-widget-wrap\">\n\t\t\t\t<div class=\"elementor-element elementor-element-199f1b8e elementor-widget elementor-widget-heading\" data-id=\"199f1b8e\" data-element_type=\"widget\" data-widget_type=\"heading.default\">\n\t\t\t\t<div class=\"elementor-widget-container\">\n\t\t\t<h4 class=\"elementor-heading-title elementor-size-default\">Kak\u0161na je najve\u010dja hitrost med skokom?<\/h4>\t\t<\/div>\n\t\t\t\t<\/div>\n\t\t\t\t<div class=\"elementor-element elementor-element-71c6d0dd elementor-widget elementor-widget-text-editor\" data-id=\"71c6d0dd\" data-element_type=\"widget\" data-widget_type=\"text-editor.default\">\n\t\t\t\t<div class=\"elementor-widget-container\">\n\t\t\t\t\t<div class=\"elementor-text-editor elementor-clearfix\"><div class=\"px-accordion__item active\"><h5 class=\"px-accordion__item-description\" style=\"text-align: center;\"><strong>Med padcem dose\u017eete hitrost skoraj 200 km\/h. Ko je padalo odprto, se hitrost zmanj\u0161a na pribli\u017eno 20 km\/h in v letu lahko nad prelepo okolico u\u017eivate pribli\u017eno 5 minut.<\/strong><\/h5><\/div><div class=\"px-accordion__item\">\u00a0<\/div><\/div>\n\t\t\t\t<\/div>\n\t\t\t\t<\/div>\n\t\t\t\t\t\t<\/div>\n\t\t\t<\/div>\n\t\t<\/div>\n\t\t\t\t\t\t<\/div>\n\t\t\t<\/div>\n\t\t<\/section>\n\t\t\t\t<section class=\"elementor-element elementor-element-df08b78 elementor-section-content-top elementor-section-boxed elementor-section-height-default elementor-section-height-default elementor-section elementor-inner-section\" data-id=\"df08b78\" data-element_type=\"section\">\n\t\t\t\t\t\t<div class=\"elementor-container elementor-column-gap-no\">\n\t\t\t\t<div class=\"elementor-row\">\n\t\t\t\t<div class=\"elementor-element elementor-element-7326a0c6 elementor-column elementor-col-50 elementor-inner-column\" data-id=\"7326a0c6\" data-element_type=\"column\">\n\t\t\t<div class=\"elementor-column-wrap  elementor-element-populated\">\n\t\t\t\t\t<div class=\"elementor-widget-wrap\">\n\t\t\t\t<div class=\"elementor-element elementor-element-34017a0 elementor-widget elementor-widget-heading\" data-id=\"34017a0\" data-element_type=\"widget\" data-widget_type=\"heading.default\">\n\t\t\t\t<div class=\"elementor-widget-container\">\n\t\t\t<h4 class=\"elementor-heading-title elementor-size-default\">Ne, kdorkoli dobrega zdravja lahko u\u017eiva v tej izku\u0161nji. Pri rezervaciji pa nas obvestite, \u010de tehtate ve\u010d kot 90 kg. Najmanj\u0161a te\u017ea za skok je 35 kg.<\/h4>\t\t<\/div>\n\t\t\t\t<\/div>\n\t\t\t\t<div class=\"elementor-element elementor-element-1ae283 elementor-widget elementor-widget-text-editor\" data-id=\"1ae283\" data-element_type=\"widget\" data-widget_type=\"text-editor.default\">\n\t\t\t\t<div class=\"elementor-widget-container\">\n\t\t\t\t\t<div class=\"elementor-text-editor elementor-clearfix\"><h5 style=\"text-align: center;\"><strong>Ne, kdorkoli dobrega zdravja lahko u\u017eiva v tej izku\u0161nji. Pri rezervaciji pa nas obvestite, \u010de tehtate ve\u010d kot 90 kg. Najmanj\u0161a te\u017ea za skok je 35 kg.<\/strong><\/h5><\/div>\n\t\t\t\t<\/div>\n\t\t\t\t<\/div>\n\t\t\t\t\t\t<\/div>\n\t\t\t<\/div>\n\t\t<\/div>\n\t\t\t\t<div class=\"elementor-element elementor-element-219baec9 elementor-column elementor-col-50 elementor-inner-column\" data-id=\"219baec9\" data-element_type=\"column\">\n\t\t\t<div class=\"elementor-column-wrap  elementor-element-populated\">\n\t\t\t\t\t<div class=\"elementor-widget-wrap\">\n\t\t\t\t<div class=\"elementor-element elementor-element-53fde274 elementor-widget elementor-widget-heading\" data-id=\"53fde274\" data-element_type=\"widget\" data-widget_type=\"heading.default\">\n\t\t\t\t<div class=\"elementor-widget-container\">\n\t\t\t<h4 class=\"elementor-heading-title elementor-size-default\">Kje se nahaja letali\u0161\u010de?<\/h4>\t\t<\/div>\n\t\t\t\t<\/div>\n\t\t\t\t<div class=\"elementor-element elementor-element-283fb317 elementor-widget elementor-widget-text-editor\" data-id=\"283fb317\" data-element_type=\"widget\" data-widget_type=\"text-editor.default\">\n\t\t\t\t<div class=\"elementor-widget-container\">\n\t\t\t\t\t<div class=\"elementor-text-editor elementor-clearfix\"><h5 style=\"text-align: center;\"><strong>Na\u0161e doma\u010de letali\u0161\u010de se nahaja v neposredni bli\u017eini Ljubljane - \u0160entvid pri Sti\u010dni. Ska\u010demo pa tudi po drugih slovenskih letali\u0161\u010dih, tako lahko u\u017eivate v prelepem pogledu nad Portoro\u017eom, gorski idili Bovca, itd.<\/strong><\/h5><\/div>\n\t\t\t\t<\/div>\n\t\t\t\t<\/div>\n\t\t\t\t\t\t<\/div>\n\t\t\t<\/div>\n\t\t<\/div>\n\t\t\t\t\t\t<\/div>\n\t\t\t<\/div>\n\t\t<\/section>\n\t\t\t\t<section class=\"elementor-element elementor-element-50c3724e elementor-section-content-top elementor-section-boxed elementor-section-height-default elementor-section-height-default elementor-section elementor-inner-section\" data-id=\"50c3724e\" data-element_type=\"section\">\n\t\t\t\t\t\t<div class=\"elementor-container elementor-column-gap-no\">\n\t\t\t\t<div class=\"elementor-row\">\n\t\t\t\t<div class=\"elementor-element elementor-element-10b2f6a6 elementor-column elementor-col-50 elementor-inner-column\" data-id=\"10b2f6a6\" data-element_type=\"column\">\n\t\t\t<div class=\"elementor-column-wrap  elementor-element-populated\">\n\t\t\t\t\t<div class=\"elementor-widget-wrap\">\n\t\t\t\t<div class=\"elementor-element elementor-element-48edf2f4 elementor-widget elementor-widget-heading\" data-id=\"48edf2f4\" data-element_type=\"widget\" data-widget_type=\"heading.default\">\n\t\t\t\t<div class=\"elementor-widget-container\">\n\t\t\t<h4 class=\"elementor-heading-title elementor-size-default\">Kdaj lahko opravim skok?<\/h4>\t\t<\/div>\n\t\t\t\t<\/div>\n\t\t\t\t<div class=\"elementor-element elementor-element-1a252eee elementor-widget elementor-widget-text-editor\" data-id=\"1a252eee\" data-element_type=\"widget\" data-widget_type=\"text-editor.default\">\n\t\t\t\t<div class=\"elementor-widget-container\">\n\t\t\t\t\t<div class=\"elementor-text-editor elementor-clearfix\"><div class=\"main-wrapper\" data-sound=\"https:\/\/skydiveljubljana.com\/wp-content\/themes\/xtrm\/assets\/audio\/\" data-top=\"1024\"><div class=\"container\"><div class=\"hero\"><div class=\"vc_row wpb_row vc_row-fluid row-angle-after-reverce row-angle-before-reverce padding-lg-200t padding-lg-150b padding-md-130t padding-md-180b padding-sm-90t padding-sm-140b padding-xs-10t padding-xs-80b\" data-vc-full-width=\"true\" data-vc-full-width-init=\"true\"><div class=\"wpb_column vc_column_container vc_col-sm-12 vc_col-lg-offset-1 vc_col-lg-10\"><div class=\"vc_column-inner\"><div class=\"wpb_wrapper\"><section class=\"px-accordion vertical_padding\"><div class=\"px-accordion__item active\"><h5 class=\"px-accordion__item-description\" style=\"text-align: center;\"><strong>Ko rezervirate tandem, nas kontaktirajte preko e-po\u0161te (jump@skydiveljubljana.com) ali preko telefonu (00386 31 208 542) in dogovorili se bomo za va\u0161 termin.<\/strong><\/h5><\/div><\/section><\/div><\/div><\/div><\/div><h5 class=\"vc_row-full-width vc_clearfix\">\u00a0<\/h5><\/div><\/div><\/div><\/div>\n\t\t\t\t<\/div>\n\t\t\t\t<\/div>\n\t\t\t\t\t\t<\/div>\n\t\t\t<\/div>\n\t\t<\/div>\n\t\t\t\t<div class=\"elementor-element elementor-element-89237d6 elementor-column elementor-col-50 elementor-inner-column\" data-id=\"89237d6\" data-element_type=\"column\">\n\t\t\t<div class=\"elementor-column-wrap  elementor-element-populated\">\n\t\t\t\t\t<div class=\"elementor-widget-wrap\">\n\t\t\t\t<div class=\"elementor-element elementor-element-c249041 elementor-widget elementor-widget-heading\" data-id=\"c249041\" data-element_type=\"widget\" data-widget_type=\"heading.default\">\n\t\t\t\t<div class=\"elementor-widget-container\">\n\t\t\t<h4 class=\"elementor-heading-title elementor-size-default\">Ali obstaja starostna omejitev?<\/h4>\t\t<\/div>\n\t\t\t\t<\/div>\n\t\t\t\t<div class=\"elementor-element elementor-element-611d8c5 elementor-widget elementor-widget-text-editor\" data-id=\"611d8c5\" data-element_type=\"widget\" data-widget_type=\"text-editor.default\">\n\t\t\t\t<div class=\"elementor-widget-container\">\n\t\t\t\t\t<div class=\"elementor-text-editor elementor-clearfix\"><div class=\"main-wrapper\" data-sound=\"https:\/\/skydiveljubljana.com\/wp-content\/themes\/xtrm\/assets\/audio\/\" data-top=\"1024\"><div class=\"container\"><div class=\"hero\"><div class=\"vc_row wpb_row vc_row-fluid row-angle-after-reverce row-angle-before-reverce padding-lg-200t padding-lg-150b padding-md-130t padding-md-180b padding-sm-90t padding-sm-140b padding-xs-10t padding-xs-80b\" data-vc-full-width=\"true\" data-vc-full-width-init=\"true\"><div class=\"wpb_column vc_column_container vc_col-sm-12 vc_col-lg-offset-1 vc_col-lg-10\"><div class=\"vc_column-inner\"><div class=\"wpb_wrapper\"><section class=\"px-accordion vertical_padding\"><div class=\"px-accordion__item active\"><h5 class=\"px-accordion__item-description\" style=\"text-align: center;\"><strong>Za za\u010detek je pomembno, da po\u010dutite dobro, ko se odlo\u010dite za skok. <\/strong><strong>Potem je pomembno, da ste visoki minimalno 135 cm, osebe mlaj\u0161e od 18 let, <\/strong><strong>pa morajo imeti pisno odobritev star\u0161ev oz. druge polnoletne osebe. <\/strong><strong>Zgornje starostne omejitve ni.<\/strong><\/h5><\/div><\/section><\/div><\/div><\/div><\/div><\/div><\/div><\/div><\/div>\n\t\t\t\t<\/div>\n\t\t\t\t<\/div>\n\t\t\t\t\t\t<\/div>\n\t\t\t<\/div>\n\t\t<\/div>\n\t\t\t\t\t\t<\/div>\n\t\t\t<\/div>\n\t\t<\/section>\n\t\t\t\t<section class=\"elementor-element elementor-element-3892324 elementor-section-content-top elementor-section-boxed elementor-section-height-default elementor-section-height-default elementor-section elementor-inner-section\" data-id=\"3892324\" data-element_type=\"section\">\n\t\t\t\t\t\t<div class=\"elementor-container elementor-column-gap-no\">\n\t\t\t\t<div class=\"elementor-row\">\n\t\t\t\t<div class=\"elementor-element elementor-element-e480694 elementor-column elementor-col-50 elementor-inner-column\" data-id=\"e480694\" data-element_type=\"column\">\n\t\t\t<div class=\"elementor-column-wrap  elementor-element-populated\">\n\t\t\t\t\t<div class=\"elementor-widget-wrap\">\n\t\t\t\t<div class=\"elementor-element elementor-element-56ea7f1 elementor-widget elementor-widget-heading\" data-id=\"56ea7f1\" data-element_type=\"widget\" data-widget_type=\"heading.default\">\n\t\t\t\t<div class=\"elementor-widget-container\">\n\t\t\t<h4 class=\"elementor-heading-title elementor-size-default\">Skoki potekajo celo leto?<\/h4>\t\t<\/div>\n\t\t\t\t<\/div>\n\t\t\t\t<div class=\"elementor-element elementor-element-3e9e5d1 elementor-widget elementor-widget-text-editor\" data-id=\"3e9e5d1\" data-element_type=\"widget\" data-widget_type=\"text-editor.default\">\n\t\t\t\t<div class=\"elementor-widget-container\">\n\t\t\t\t\t<div class=\"elementor-text-editor elementor-clearfix\"><div class=\"main-wrapper\" data-sound=\"https:\/\/skydiveljubljana.com\/wp-content\/themes\/xtrm\/assets\/audio\/\" data-top=\"1024\"><div class=\"container\"><div class=\"hero\"><div class=\"vc_row wpb_row vc_row-fluid row-angle-after-reverce row-angle-before-reverce padding-lg-200t padding-lg-150b padding-md-130t padding-md-180b padding-sm-90t padding-sm-140b padding-xs-10t padding-xs-80b\" data-vc-full-width=\"true\" data-vc-full-width-init=\"true\"><div class=\"wpb_column vc_column_container vc_col-sm-12 vc_col-lg-offset-1 vc_col-lg-10\"><div class=\"vc_column-inner\"><div class=\"wpb_wrapper\"><section class=\"px-accordion vertical_padding\"><div class=\"px-accordion__item active\"><h5 class=\"px-accordion__item-description\" style=\"text-align: center;\"><strong>Padalska sezona v Sloveniji poteka od sredine <\/strong><strong>marca, pa vse do konca novembra, <\/strong><strong>ko so temperature primerne za skok s padalom. <\/strong><strong>V\u010dasih organiziramo skoke tudi izven sezone, <\/strong><strong>vendar vam toplo priporo\u010damo, <\/strong><strong>da se odlo\u010dite za skok v redni sezoni,\u00a0<\/strong><strong>ki ja zlepa ne boste pozabili :). <\/strong><strong>Seveda je za skoke potrebno lepo vreme, kar pomeni, da ne de\u017euje oz. ni premo\u010dnega vetra :).<\/strong><\/h5><\/div><\/section><\/div><\/div><\/div><\/div><h5 class=\"vc_row-full-width vc_clearfix\">\u00a0<\/h5><\/div><\/div><\/div><\/div>\n\t\t\t\t<\/div>\n\t\t\t\t<\/div>\n\t\t\t\t\t\t<\/div>\n\t\t\t<\/div>\n\t\t<\/div>\n\t\t\t\t<div class=\"elementor-element elementor-element-b0d4cbb elementor-column elementor-col-50 elementor-inner-column\" data-id=\"b0d4cbb\" data-element_type=\"column\">\n\t\t\t<div class=\"elementor-column-wrap  elementor-element-populated\">\n\t\t\t\t\t<div class=\"elementor-widget-wrap\">\n\t\t\t\t<div class=\"elementor-element elementor-element-2b4a6f4 elementor-widget elementor-widget-heading\" data-id=\"2b4a6f4\" data-element_type=\"widget\" data-widget_type=\"heading.default\">\n\t\t\t\t<div class=\"elementor-widget-container\">\n\t\t\t<h4 class=\"elementor-heading-title elementor-size-default\">Je padalstvo varen \u0161port?<\/h4>\t\t<\/div>\n\t\t\t\t<\/div>\n\t\t\t\t<div class=\"elementor-element elementor-element-9d15880 elementor-widget elementor-widget-text-editor\" data-id=\"9d15880\" data-element_type=\"widget\" data-widget_type=\"text-editor.default\">\n\t\t\t\t<div class=\"elementor-widget-container\">\n\t\t\t\t\t<div class=\"elementor-text-editor elementor-clearfix\"><div class=\"main-wrapper\" data-sound=\"https:\/\/skydiveljubljana.com\/wp-content\/themes\/xtrm\/assets\/audio\/\" data-top=\"1024\">\n<div class=\"container\">\n<div class=\"hero\">\n<div class=\"vc_row wpb_row vc_row-fluid row-angle-after-reverce row-angle-before-reverce padding-lg-200t padding-lg-150b padding-md-130t padding-md-180b padding-sm-90t padding-sm-140b padding-xs-10t padding-xs-80b\" data-vc-full-width=\"true\" data-vc-full-width-init=\"true\">\n<div class=\"wpb_column vc_column_container vc_col-sm-12 vc_col-lg-offset-1 vc_col-lg-10\">\n<div class=\"vc_column-inner\">\n<div class=\"wpb_wrapper\">\n<section class=\"px-accordion vertical_padding\">\n<div class=\"px-accordion__item active\">\n<h5 class=\"px-accordion__item-description\" style=\"text-align: center;\"><strong>Zelo pogosto vpra\u0161anje, odgovor pa je zelo preprost.&nbsp;<\/strong><strong>Vsaki\u010d, ko se soo\u010damo z ne\u010dim novim,&nbsp;<\/strong><strong>je prisoten stran.&nbsp;<\/strong><strong>Kot v vsakem \u0161portu,&nbsp;<\/strong><strong>so tudi v padalstvu prisotne po\u0161kodbe.&nbsp;<\/strong><strong>Zagotovimo pa vam lahko,&nbsp;<\/strong><strong>da s konstantnimi izobra\u017eevanji na\u0161ega osebja&nbsp;<\/strong><strong>in delovanju z le najbolj usposobljenimi&nbsp;<\/strong><strong>in izku\u0161enimi in\u0161truktorji in u\u010ditelji padalstva,&nbsp;<\/strong><strong>te faktorje minimaliziramo in&nbsp;<\/strong><strong>poskrbimo za kar se da prijetno adrenalinsko <\/strong><strong>izku\u0161njo!<\/strong><\/h5>\n<\/div>\n<\/section>\n<\/div>\n<\/div>\n<\/div>\n<\/div>\n<\/div>\n<\/div>\n<\/div><\/div>\n\t\t\t\t<\/div>\n\t\t\t\t<\/div>\n\t\t\t\t\t\t<\/div>\n\t\t\t<\/div>\n\t\t<\/div>\n\t\t\t\t\t\t<\/div>\n\t\t\t<\/div>\n\t\t<\/section>\n\t\t\t\t\t\t<\/div>\n\t\t\t<\/div>\n\t\t<\/div>\n\t\t\t\t\t\t<\/div>\n\t\t\t<\/div>\n\t\t<\/section>\n\t\t\t\t\t<\/div>\n\t\t<\/div>\n\t\t<\/div>\n\t\t\t\t<\/div>\n\t\t\t\t<\/div>\n\t\t\t\t<\/div>\n\t\t\t\t\t\t<\/div>\n\t\t\t<\/div>\n\t\t<\/div>\n\t\t\t\t\t\t<\/div>\n\t\t\t<\/div>\n\t\t<\/section>\n\t\t\t\t\t\t<\/div>\n\t\t\t<\/div>\n\t\t<\/div>","protected":false},"excerpt":{"rendered":"","protected":false},"author":1,"featured_media":0,"parent":0,"menu_order":0,"comment_status":"closed","ping_status":"closed","template":"","meta":[],"_links":{"self":[{"href":"https:\/\/skydiveljubljana.com\/sl\/wp-json\/wp\/v2\/pages\/339"}],"collection":[{"href":"https:\/\/skydiveljubljana.com\/sl\/wp-json\/wp\/v2\/pages"}],"about":[{"href":"https:\/\/skydiveljubljana.com\/sl\/wp-json\/wp\/v2\/types\/page"}],"author":[{"embeddable":true,"href":"https:\/\/skydiveljubljana.com\/sl\/wp-json\/wp\/v2\/users\/1"}],"replies":[{"embeddable":true,"href":"https:\/\/skydiveljubljana.com\/sl\/wp-json\/wp\/v2\/comments?post=339"}],"version-history":[{"count":3,"href":"https:\/\/skydiveljubljana.com\/sl\/wp-json\/wp\/v2\/pages\/339\/revisions"}],"predecessor-version":[{"id":346,"href":"https:\/\/skydiveljubljana.com\/sl\/wp-json\/wp\/v2\/pages\/339\/revisions\/346"}],"wp:attachment":[{"href":"https:\/\/skydiveljubljana.com\/sl\/wp-json\/wp\/v2\/media?parent=339"}],"curies":[{"name":"wp","href":"https:\/\/api.w.org\/{rel}","templated":true}]}}