{"id":431,"date":"2020-09-07T09:16:20","date_gmt":"2020-09-07T09:16:20","guid":{"rendered":"https:\/\/new.skydiveljubljana.com\/?page_id=431"},"modified":"2023-06-28T17:17:51","modified_gmt":"2023-06-28T17:17:51","slug":"panorama-flight","status":"publish","type":"page","link":"https:\/\/skydiveljubljana.com\/sl\/panorama-flight\/","title":{"rendered":"Panoramski let"},"content":{"rendered":"<div data-elementor-type=\"wp-page\" data-elementor-id=\"431\" class=\"elementor elementor-431\" data-elementor-settings=\"[]\">\n\t\t\t<div class=\"elementor-inner\">\n\t\t\t\t<div class=\"elementor-section-wrap\">\n\t\t\t\t\t\t\t<section class=\"elementor-element elementor-element-bd9534b elementor-section-full_width elementor-section-height-default elementor-section-height-default elementor-section elementor-top-section\" data-id=\"bd9534b\" data-element_type=\"section\">\n\t\t\t\t\t\t<div class=\"elementor-container elementor-column-gap-default\">\n\t\t\t\t<div class=\"elementor-row\">\n\t\t\t\t<div class=\"elementor-element elementor-element-ec2c1b4 elementor-column elementor-col-100 elementor-top-column\" data-id=\"ec2c1b4\" data-element_type=\"column\">\n\t\t\t<div class=\"elementor-column-wrap  elementor-element-populated\">\n\t\t\t\t\t<div class=\"elementor-widget-wrap\">\n\t\t\t\t<div class=\"elementor-element elementor-element-9faa13a elementor-widget elementor-widget-template\" data-id=\"9faa13a\" data-element_type=\"widget\" data-widget_type=\"template.default\">\n\t\t\t\t<div class=\"elementor-widget-container\">\n\t\t\t\t\t<div class=\"elementor-template\">\n\t\t\t\t\t<div data-elementor-type=\"section\" data-elementor-id=\"470\" class=\"elementor elementor-470\" data-elementor-settings=\"[]\">\n\t\t<div class=\"elementor-inner\">\n\t\t\t<div class=\"elementor-section-wrap\">\n\t\t\t\t\t\t<section class=\"elementor-element elementor-element-96e0ced elementor-section-height-min-height elementor-section-boxed elementor-section-height-default elementor-section-items-middle elementor-section elementor-top-section\" data-id=\"96e0ced\" data-element_type=\"section\" data-settings=\"{&quot;background_background&quot;:&quot;classic&quot;,&quot;shape_divider_top&quot;:&quot;tilt&quot;,&quot;shape_divider_bottom&quot;:&quot;tilt&quot;}\">\n\t\t\t\t\t<div class=\"elementor-shape elementor-shape-top\" data-negative=\"false\">\n\t\t\t<svg xmlns=\"http:\/\/www.w3.org\/2000\/svg\" viewbox=\"0 0 1000 100\" preserveaspectratio=\"none\">\n\t<path class=\"elementor-shape-fill\" d=\"M0,6V0h1000v100L0,6z\"\/>\n<\/svg>\t\t<\/div>\n\t\t\t\t<div class=\"elementor-shape elementor-shape-bottom\" data-negative=\"false\">\n\t\t\t<svg xmlns=\"http:\/\/www.w3.org\/2000\/svg\" viewbox=\"0 0 1000 100\" preserveaspectratio=\"none\">\n\t<path class=\"elementor-shape-fill\" d=\"M0,6V0h1000v100L0,6z\"\/>\n<\/svg>\t\t<\/div>\n\t\t\t\t\t<div class=\"elementor-container elementor-column-gap-default\">\n\t\t\t\t<div class=\"elementor-row\">\n\t\t\t\t<div class=\"elementor-element elementor-element-d791640 elementor-column elementor-col-100 elementor-top-column\" data-id=\"d791640\" data-element_type=\"column\">\n\t\t\t<div class=\"elementor-column-wrap  elementor-element-populated\">\n\t\t\t\t\t<div class=\"elementor-widget-wrap\">\n\t\t\t\t<div class=\"elementor-element elementor-element-6c93faf7 elementor-widget elementor-widget-heading\" data-id=\"6c93faf7\" data-element_type=\"widget\" data-widget_type=\"heading.default\">\n\t\t\t\t<div class=\"elementor-widget-container\">\n\t\t\t<h2 class=\"elementor-heading-title elementor-size-default\">PANORAMSKI POLET<\/h2>\t\t<\/div>\n\t\t\t\t<\/div>\n\t\t\t\t<section class=\"elementor-element elementor-element-67e95f89 elementor-section-boxed elementor-section-height-default elementor-section-height-default elementor-section elementor-inner-section\" data-id=\"67e95f89\" data-element_type=\"section\">\n\t\t\t\t\t\t<div class=\"elementor-container elementor-column-gap-default\">\n\t\t\t\t<div class=\"elementor-row\">\n\t\t\t\t<div class=\"elementor-element elementor-element-63ab9363 elementor-column elementor-col-50 elementor-inner-column\" data-id=\"63ab9363\" data-element_type=\"column\">\n\t\t\t<div class=\"elementor-column-wrap  elementor-element-populated\">\n\t\t\t\t\t<div class=\"elementor-widget-wrap\">\n\t\t\t\t<div class=\"elementor-element elementor-element-13a5de1e elementor-widget elementor-widget-image\" data-id=\"13a5de1e\" data-element_type=\"widget\" data-widget_type=\"image.default\">\n\t\t\t\t<div class=\"elementor-widget-container\">\n\t\t\t\t\t<div class=\"elementor-image\">\n\t\t\t\t\t\t\t\t\t\t<img width=\"768\" height=\"512\" src=\"https:\/\/skydiveljubljana.com\/wp-content\/uploads\/2020\/10\/MALI4292-768x512.jpg\" class=\"attachment-medium_large size-medium_large\" alt=\"\" loading=\"lazy\" srcset=\"https:\/\/skydiveljubljana.com\/wp-content\/uploads\/2020\/10\/MALI4292-768x512.jpg 768w, https:\/\/skydiveljubljana.com\/wp-content\/uploads\/2020\/10\/MALI4292-300x200.jpg 300w, https:\/\/skydiveljubljana.com\/wp-content\/uploads\/2020\/10\/MALI4292-1024x683.jpg 1024w, https:\/\/skydiveljubljana.com\/wp-content\/uploads\/2020\/10\/MALI4292-1536x1024.jpg 1536w, https:\/\/skydiveljubljana.com\/wp-content\/uploads\/2020\/10\/MALI4292-2048x1365.jpg 2048w\" sizes=\"(max-width: 768px) 100vw, 768px\" \/>\t\t\t\t\t\t\t\t\t\t\t<\/div>\n\t\t\t\t<\/div>\n\t\t\t\t<\/div>\n\t\t\t\t\t\t<\/div>\n\t\t\t<\/div>\n\t\t<\/div>\n\t\t\t\t<div class=\"elementor-element elementor-element-22f5066d elementor-column elementor-col-50 elementor-inner-column\" data-id=\"22f5066d\" data-element_type=\"column\">\n\t\t\t<div class=\"elementor-column-wrap  elementor-element-populated\">\n\t\t\t\t\t<div class=\"elementor-widget-wrap\">\n\t\t\t\t<div class=\"elementor-element elementor-element-62b4da64 elementor-widget__width-initial elementor-widget elementor-widget-text-editor\" data-id=\"62b4da64\" data-element_type=\"widget\" data-widget_type=\"text-editor.default\">\n\t\t\t\t<div class=\"elementor-widget-container\">\n\t\t\t\t\t<div class=\"elementor-text-editor elementor-clearfix\"><p><span style=\"color: #ffffff;\">Si \u017eelite ob\u010dudovati okolico iz zraka? Panoramski polet po Sloveniji je izvirno rojstnodnevno darilo, \u0161portni dogodek za sprostitev telesa in duha ali pa le atraktivna dogodiv\u0161\u010dina, ki je ne boste nikoli pozabili.<\/span><span style=\"font-size: 15px; color: #ffffff;\">\u00a0<\/span><\/p><\/div>\n\t\t\t\t<\/div>\n\t\t\t\t<\/div>\n\t\t\t\t\t\t<\/div>\n\t\t\t<\/div>\n\t\t<\/div>\n\t\t\t\t\t\t<\/div>\n\t\t\t<\/div>\n\t\t<\/section>\n\t\t\t\t<section class=\"elementor-element elementor-element-44556602 elementor-section-boxed elementor-section-height-default elementor-section-height-default elementor-section elementor-inner-section\" data-id=\"44556602\" data-element_type=\"section\">\n\t\t\t\t\t\t<div class=\"elementor-container elementor-column-gap-default\">\n\t\t\t\t<div class=\"elementor-row\">\n\t\t\t\t<div class=\"elementor-element elementor-element-114c381f elementor-column elementor-col-50 elementor-inner-column\" data-id=\"114c381f\" data-element_type=\"column\">\n\t\t\t<div class=\"elementor-column-wrap  elementor-element-populated\">\n\t\t\t\t\t<div class=\"elementor-widget-wrap\">\n\t\t\t\t<div class=\"elementor-element elementor-element-b246a2a elementor-widget__width-initial elementor-widget elementor-widget-text-editor\" data-id=\"b246a2a\" data-element_type=\"widget\" data-widget_type=\"text-editor.default\">\n\t\t\t\t<div class=\"elementor-widget-container\">\n\t\t\t\t\t<div class=\"elementor-text-editor elementor-clearfix\"><p><span style=\"color: #ffffff;\"><strong>15 min\u00a0<\/strong><\/span><br \/><strong style=\"color: #ffffff;\">150 EUR<\/strong><span style=\"color: #ffffff;\">\u00a0(price is including up to 2 or 3 passengers)<\/span><br \/><span style=\"color: #ffffff;\">Iz zraka boste ob\u010dudovali okolico letali\u0161\u010da in nekatere bli\u017enje kraje, kot so npr. Vi\u0161nja gora, Muljava, Grosuplje, Litija ali Trebnje.<\/span><\/p><\/div>\n\t\t\t\t<\/div>\n\t\t\t\t<\/div>\n\t\t\t\t\t\t<\/div>\n\t\t\t<\/div>\n\t\t<\/div>\n\t\t\t\t<div class=\"elementor-element elementor-element-3b5071aa elementor-column elementor-col-50 elementor-inner-column\" data-id=\"3b5071aa\" data-element_type=\"column\">\n\t\t\t<div class=\"elementor-column-wrap  elementor-element-populated\">\n\t\t\t\t\t<div class=\"elementor-widget-wrap\">\n\t\t\t\t<div class=\"elementor-element elementor-element-7b9575bb elementor-widget elementor-widget-image\" data-id=\"7b9575bb\" data-element_type=\"widget\" data-widget_type=\"image.default\">\n\t\t\t\t<div class=\"elementor-widget-container\">\n\t\t\t\t\t<div class=\"elementor-image\">\n\t\t\t\t\t\t\t\t\t\t<img width=\"768\" height=\"512\" src=\"https:\/\/skydiveljubljana.com\/wp-content\/uploads\/2020\/10\/MALI4367-768x512.jpg\" class=\"attachment-medium_large size-medium_large\" alt=\"\" loading=\"lazy\" srcset=\"https:\/\/skydiveljubljana.com\/wp-content\/uploads\/2020\/10\/MALI4367-768x512.jpg 768w, https:\/\/skydiveljubljana.com\/wp-content\/uploads\/2020\/10\/MALI4367-300x200.jpg 300w, https:\/\/skydiveljubljana.com\/wp-content\/uploads\/2020\/10\/MALI4367-1024x683.jpg 1024w, https:\/\/skydiveljubljana.com\/wp-content\/uploads\/2020\/10\/MALI4367-1536x1024.jpg 1536w, https:\/\/skydiveljubljana.com\/wp-content\/uploads\/2020\/10\/MALI4367-2048x1365.jpg 2048w\" sizes=\"(max-width: 768px) 100vw, 768px\" \/>\t\t\t\t\t\t\t\t\t\t\t<\/div>\n\t\t\t\t<\/div>\n\t\t\t\t<\/div>\n\t\t\t\t\t\t<\/div>\n\t\t\t<\/div>\n\t\t<\/div>\n\t\t\t\t\t\t<\/div>\n\t\t\t<\/div>\n\t\t<\/section>\n\t\t\t\t<section class=\"elementor-element elementor-element-70175ecf elementor-section-boxed elementor-section-height-default elementor-section-height-default elementor-section elementor-inner-section\" data-id=\"70175ecf\" data-element_type=\"section\">\n\t\t\t\t\t\t<div class=\"elementor-container elementor-column-gap-default\">\n\t\t\t\t<div class=\"elementor-row\">\n\t\t\t\t<div class=\"elementor-element elementor-element-5810973 elementor-column elementor-col-50 elementor-inner-column\" data-id=\"5810973\" data-element_type=\"column\">\n\t\t\t<div class=\"elementor-column-wrap  elementor-element-populated\">\n\t\t\t\t\t<div class=\"elementor-widget-wrap\">\n\t\t\t\t<div class=\"elementor-element elementor-element-42c9adff elementor-widget elementor-widget-image\" data-id=\"42c9adff\" data-element_type=\"widget\" data-widget_type=\"image.default\">\n\t\t\t\t<div class=\"elementor-widget-container\">\n\t\t\t\t\t<div class=\"elementor-image\">\n\t\t\t\t\t\t\t\t\t\t<img width=\"768\" height=\"576\" src=\"https:\/\/skydiveljubljana.com\/wp-content\/uploads\/2020\/10\/IMG_3403-768x576.jpeg\" class=\"attachment-medium_large size-medium_large\" alt=\"\" loading=\"lazy\" srcset=\"https:\/\/skydiveljubljana.com\/wp-content\/uploads\/2020\/10\/IMG_3403-768x576.jpeg 768w, https:\/\/skydiveljubljana.com\/wp-content\/uploads\/2020\/10\/IMG_3403-300x225.jpeg 300w, https:\/\/skydiveljubljana.com\/wp-content\/uploads\/2020\/10\/IMG_3403-1024x768.jpeg 1024w, https:\/\/skydiveljubljana.com\/wp-content\/uploads\/2020\/10\/IMG_3403-1536x1152.jpeg 1536w, https:\/\/skydiveljubljana.com\/wp-content\/uploads\/2020\/10\/IMG_3403-2048x1536.jpeg 2048w\" sizes=\"(max-width: 768px) 100vw, 768px\" \/>\t\t\t\t\t\t\t\t\t\t\t<\/div>\n\t\t\t\t<\/div>\n\t\t\t\t<\/div>\n\t\t\t\t\t\t<\/div>\n\t\t\t<\/div>\n\t\t<\/div>\n\t\t\t\t<div class=\"elementor-element elementor-element-2370ceb2 elementor-column elementor-col-50 elementor-inner-column\" data-id=\"2370ceb2\" data-element_type=\"column\">\n\t\t\t<div class=\"elementor-column-wrap  elementor-element-populated\">\n\t\t\t\t\t<div class=\"elementor-widget-wrap\">\n\t\t\t\t<div class=\"elementor-element elementor-element-3efee7fe elementor-widget__width-initial elementor-widget elementor-widget-text-editor\" data-id=\"3efee7fe\" data-element_type=\"widget\" data-widget_type=\"text-editor.default\">\n\t\t\t\t<div class=\"elementor-widget-container\">\n\t\t\t\t\t<div class=\"elementor-text-editor elementor-clearfix\"><p><span style=\"color: #ffffff;\"><strong>30 min\u00a0<br \/><\/strong><strong>250 EUR<\/strong>\u00a0(<\/span><span style=\"color: #ffffff; font-size: 15px; font-style: normal; font-weight: 400;\">price is including up to 2 or 3\u00a0<\/span><span style=\"color: #ffffff; font-size: 15px; font-style: normal; font-weight: 400;\">oseb<\/span><span style=\"color: #ffffff; font-size: 15px; font-style: normal; font-weight: 400;\">)<\/span><br \/><span style=\"color: #ffffff;\">Enjoy great moments above Slovenian main touristic points. We will fly above capitol Ljubljana or some famous Slovenian lake.<\/span><\/p><\/div>\n\t\t\t\t<\/div>\n\t\t\t\t<\/div>\n\t\t\t\t\t\t<\/div>\n\t\t\t<\/div>\n\t\t<\/div>\n\t\t\t\t\t\t<\/div>\n\t\t\t<\/div>\n\t\t<\/section>\n\t\t\t\t<section class=\"elementor-element elementor-element-188d8d26 elementor-section-boxed elementor-section-height-default elementor-section-height-default elementor-section elementor-inner-section\" data-id=\"188d8d26\" data-element_type=\"section\">\n\t\t\t\t\t\t<div class=\"elementor-container elementor-column-gap-default\">\n\t\t\t\t<div class=\"elementor-row\">\n\t\t\t\t<div class=\"elementor-element elementor-element-49042780 elementor-column elementor-col-50 elementor-inner-column\" data-id=\"49042780\" data-element_type=\"column\">\n\t\t\t<div class=\"elementor-column-wrap  elementor-element-populated\">\n\t\t\t\t\t<div class=\"elementor-widget-wrap\">\n\t\t\t\t<div class=\"elementor-element elementor-element-191d8418 elementor-widget__width-initial elementor-widget elementor-widget-text-editor\" data-id=\"191d8418\" data-element_type=\"widget\" data-widget_type=\"text-editor.default\">\n\t\t\t\t<div class=\"elementor-widget-container\">\n\t\t\t\t\t<div class=\"elementor-text-editor elementor-clearfix\"><p><span style=\"color: #ffffff;\"><strong>60 min \/ 75 min&nbsp;<\/strong><\/span><br><span style=\"color: #ffffff;\"><strong>440 EUR<\/strong>&nbsp;\/&nbsp;<\/span><span style=\"color: rgb(255, 255, 255); font-size: 15px; font-style: normal; font-weight: 700;\">480 EUR<\/span><span style=\"font-size: 15px; color: rgb(255, 255, 255);\">&nbsp;(<\/span><span style=\"font-size: 15px; font-style: normal; font-weight: 400; color: rgb(255, 255, 255);\">price is including up to 2 or 3&nbsp;<\/span><span style=\"font-size: 15px; font-style: normal; font-weight: 400; color: rgb(255, 255, 255);\">oseb<\/span><span style=\"font-size: 15px; color: rgb(255, 255, 255);\">)&nbsp; &nbsp;<\/span><span style=\"color: rgb(255, 255, 255); font-size: 15px;\">Do you want to experience Slovenian mountains from above? We will fly over some famous mountains or maybe you prefer Slovenian coastline?<\/span><\/p><\/div>\n\t\t\t\t<\/div>\n\t\t\t\t<\/div>\n\t\t\t\t\t\t<\/div>\n\t\t\t<\/div>\n\t\t<\/div>\n\t\t\t\t<div class=\"elementor-element elementor-element-24aad8a8 elementor-column elementor-col-50 elementor-inner-column\" data-id=\"24aad8a8\" data-element_type=\"column\">\n\t\t\t<div class=\"elementor-column-wrap  elementor-element-populated\">\n\t\t\t\t\t<div class=\"elementor-widget-wrap\">\n\t\t\t\t<div class=\"elementor-element elementor-element-2f29d655 elementor-widget elementor-widget-image\" data-id=\"2f29d655\" data-element_type=\"widget\" data-widget_type=\"image.default\">\n\t\t\t\t<div class=\"elementor-widget-container\">\n\t\t\t\t\t<div class=\"elementor-image\">\n\t\t\t\t\t\t\t\t\t\t<img width=\"768\" height=\"576\" src=\"https:\/\/skydiveljubljana.com\/wp-content\/uploads\/2020\/10\/IMG_3416-768x576.jpeg\" class=\"attachment-medium_large size-medium_large\" alt=\"\" loading=\"lazy\" srcset=\"https:\/\/skydiveljubljana.com\/wp-content\/uploads\/2020\/10\/IMG_3416-768x576.jpeg 768w, https:\/\/skydiveljubljana.com\/wp-content\/uploads\/2020\/10\/IMG_3416-300x225.jpeg 300w, https:\/\/skydiveljubljana.com\/wp-content\/uploads\/2020\/10\/IMG_3416-1024x768.jpeg 1024w, https:\/\/skydiveljubljana.com\/wp-content\/uploads\/2020\/10\/IMG_3416-1536x1152.jpeg 1536w, https:\/\/skydiveljubljana.com\/wp-content\/uploads\/2020\/10\/IMG_3416-2048x1536.jpeg 2048w\" sizes=\"(max-width: 768px) 100vw, 768px\" \/>\t\t\t\t\t\t\t\t\t\t\t<\/div>\n\t\t\t\t<\/div>\n\t\t\t\t<\/div>\n\t\t\t\t\t\t<\/div>\n\t\t\t<\/div>\n\t\t<\/div>\n\t\t\t\t\t\t<\/div>\n\t\t\t<\/div>\n\t\t<\/section>\n\t\t\t\t\t\t<\/div>\n\t\t\t<\/div>\n\t\t<\/div>\n\t\t\t\t\t\t<\/div>\n\t\t\t<\/div>\n\t\t<\/section>\n\t\t\t\t\t<\/div>\n\t\t<\/div>\n\t\t<\/div>\n\t\t\t\t<\/div>\n\t\t\t\t<\/div>\n\t\t\t\t<\/div>\n\t\t\t\t\t\t<\/div>\n\t\t\t<\/div>\n\t\t<\/div>\n\t\t\t\t\t\t<\/div>\n\t\t\t<\/div>\n\t\t<\/section>\n\t\t\t\t<section class=\"elementor-element elementor-element-a6cde67 elementor-section-boxed elementor-section-height-default elementor-section-height-default elementor-section elementor-top-section\" data-id=\"a6cde67\" data-element_type=\"section\">\n\t\t\t\t\t\t<div class=\"elementor-container elementor-column-gap-default\">\n\t\t\t\t<div class=\"elementor-row\">\n\t\t\t\t<div class=\"elementor-element elementor-element-4b04f5c elementor-column elementor-col-100 elementor-top-column\" data-id=\"4b04f5c\" data-element_type=\"column\">\n\t\t\t<div class=\"elementor-column-wrap  elementor-element-populated\">\n\t\t\t\t\t<div class=\"elementor-widget-wrap\">\n\t\t\t\t<div class=\"elementor-element elementor-element-e56492e elementor-widget elementor-widget-heading\" data-id=\"e56492e\" data-element_type=\"widget\" data-widget_type=\"heading.default\">\n\t\t\t\t<div class=\"elementor-widget-container\">\n\t\t\t<h2 class=\"elementor-heading-title elementor-size-default\">Kontaktirajte nas za ve\u010d informacij in rezervirajte va\u0161e mesto v letalu<\/h2>\t\t<\/div>\n\t\t\t\t<\/div>\n\t\t\t\t<div class=\"elementor-element elementor-element-db92aa6 elementor-widget elementor-widget-wpforms\" data-id=\"db92aa6\" data-element_type=\"widget\" data-widget_type=\"wpforms.default\">\n\t\t\t\t<div class=\"elementor-widget-container\">\n\t\t\t<script type=\"text\/html\" id=\"tmpl-wpforms-builder-elementor-popup\">\n\t<div id=\"wpforms-builder-elementor-popup\" style=\"display:none;\">\n\t\t<iframe src=\"about:blank\" width=\"100%\" height=\"100%\" frameborder=\"0\" id=\"wpforms-builder-iframe\"><\/iframe>\n\t<\/div>\n<\/script>\n<div class=\"wpforms-container wpforms-container-full\" id=\"wpforms-434\"><form id=\"wpforms-form-434\" class=\"wpforms-validate wpforms-form\" data-formid=\"434\" method=\"post\" enctype=\"multipart\/form-data\" action=\"\/sl\/wp-json\/wp\/v2\/pages\/431\" data-token=\"6e8035c618890887379a67fe9b5daeab\" data-trp-original-action=\"\/sl\/wp-json\/wp\/v2\/pages\/431\"><noscript class=\"wpforms-error-noscript\">Please enable JavaScript in your browser to complete this form.<\/noscript><div class=\"wpforms-field-container\"><div id=\"wpforms-434-field_0-container\" class=\"wpforms-field wpforms-field-name\" data-field-id=\"0\"><label class=\"wpforms-field-label\" for=\"wpforms-434-field_0\">Ime in priimek (da se spoznamo) <span class=\"wpforms-required-label\">*<\/span><\/label><input type=\"text\" id=\"wpforms-434-field_0\" class=\"wpforms-field-medium wpforms-field-required\" name=\"wpforms[fields][0]\" required><\/div><div id=\"wpforms-434-field_1-container\" class=\"wpforms-field wpforms-field-email\" data-field-id=\"1\"><label class=\"wpforms-field-label\" for=\"wpforms-434-field_1\">E-mail naslov (na katerega vam bomo poslali vsa potrebna gradiva) <span class=\"wpforms-required-label\">*<\/span><\/label><input type=\"email\" id=\"wpforms-434-field_1\" class=\"wpforms-field-medium wpforms-field-required\" name=\"wpforms[fields][1]\" required><\/div><div id=\"wpforms-434-field_2-container\" class=\"wpforms-field wpforms-field-textarea\" data-field-id=\"2\"><label class=\"wpforms-field-label\" for=\"wpforms-434-field_2\">V kolikor imate kak\u0161ne posebne \u017eelje, vpra\u0161anja, dvome nam jih zaupajte tukaj in poskrbeli bomo, da boste dobili odgovor ;) <span class=\"wpforms-required-label\">*<\/span><\/label><textarea id=\"wpforms-434-field_2\" class=\"wpforms-field-medium wpforms-field-required\" name=\"wpforms[fields][2]\" required><\/textarea><\/div><\/div><div class=\"wpforms-submit-container\" ><input type=\"hidden\" name=\"wpforms[id]\" value=\"434\"><input type=\"hidden\" name=\"wpforms[author]\" value=\"1\"><button type=\"submit\" name=\"wpforms[submit]\" class=\"wpforms-submit\" id=\"wpforms-submit-434\" value=\"wpforms-submit\" aria-live=\"assertive\" data-alt-text=\"Sending...\" data-submit-text=\"Submit\">Po\u0161lji<\/button><\/div><input type=\"hidden\" name=\"trp-form-language\" value=\"sl\"\/><\/form><\/div>  <!-- .wpforms-container -->\t\t<\/div>\n\t\t\t\t<\/div>\n\t\t\t\t\t\t<\/div>\n\t\t\t<\/div>\n\t\t<\/div>\n\t\t\t\t\t\t<\/div>\n\t\t\t<\/div>\n\t\t<\/section>\n\t\t\t\t\t\t<\/div>\n\t\t\t<\/div>\n\t\t<\/div>","protected":false},"excerpt":{"rendered":"<p>Kontaktirajte nas za ve\u010d informacij in rezervirajte va\u0161e mesto v letalu<\/p>","protected":false},"author":1,"featured_media":0,"parent":0,"menu_order":0,"comment_status":"closed","ping_status":"closed","template":"","meta":[],"_links":{"self":[{"href":"https:\/\/skydiveljubljana.com\/sl\/wp-json\/wp\/v2\/pages\/431"}],"collection":[{"href":"https:\/\/skydiveljubljana.com\/sl\/wp-json\/wp\/v2\/pages"}],"about":[{"href":"https:\/\/skydiveljubljana.com\/sl\/wp-json\/wp\/v2\/types\/page"}],"author":[{"embeddable":true,"href":"https:\/\/skydiveljubljana.com\/sl\/wp-json\/wp\/v2\/users\/1"}],"replies":[{"embeddable":true,"href":"https:\/\/skydiveljubljana.com\/sl\/wp-json\/wp\/v2\/comments?post=431"}],"version-history":[{"count":10,"href":"https:\/\/skydiveljubljana.com\/sl\/wp-json\/wp\/v2\/pages\/431\/revisions"}],"predecessor-version":[{"id":684,"href":"https:\/\/skydiveljubljana.com\/sl\/wp-json\/wp\/v2\/pages\/431\/revisions\/684"}],"wp:attachment":[{"href":"https:\/\/skydiveljubljana.com\/sl\/wp-json\/wp\/v2\/media?parent=431"}],"curies":[{"name":"wp","href":"https:\/\/api.w.org\/{rel}","templated":true}]}}